{"id":1988,"date":"2018-11-10T21:30:13","date_gmt":"2018-11-10T21:30:13","guid":{"rendered":"https:\/\/fernandolopes.pt\/?page_id=1988"},"modified":"2025-11-12T19:43:24","modified_gmt":"2025-11-12T19:43:24","slug":"transfers-em-lisboa","status":"publish","type":"page","link":"https:\/\/fernandolopes.pt\/en\/","title":{"rendered":"Transfers in Lisbon"},"content":{"rendered":"<p><\/p>\n<p>Transfers in Lisbon with safety and convenience in vehicles of various sizes. Transfers at Lisbon Airport to your hotel, home, office, transfers to meetings or to a party.<\/p>\n<p> Pick up transfers in hotel at Lisboa, Cascais, Estoril, Sintra, Ericeira, Sesimbra, Costa da Caparica,Nazare, \u00d3bidos, F\u00e1tima, \u00c9vora, Coimbra, Porto and Algarve to Lisbon Airport, Seaport, train stations or any other location at your choise in Portugal or Spain.<\/p>\n<h2>Passengers transport in Lisbon<\/h2>\n<p>Private passengers transport in Lisbon, Portugal, with drivers and vehicles for transfers and city tours. We provide a private door to door transfers service 24\/7 all year long.<\/p>\n<p> Transport with sedans, minivans, minibus and bus.<\/p>\n<p>&nbsp;<\/p>\n<p><strong>E-mail: <\/strong><a href=\"mailto:info@fernandolopes.pt\">info@fernandolopes.pt<\/a><\/p>\n<p><strong>Cellphone: <\/strong><a href=\"tel:00351969550167\">+351 969 550 167<\/a><\/p>\n<p><strong>Phone: <\/strong><a href=\"tel:00351211315522\">+351 211 315 522<\/a><\/p>\n<p><strong>Whatsapp: <\/strong><a href=\"whatsapp:\/\/send?text=Hello&#038;phone=+351969550167&#038;abid=+351969550167\">+351 969 550 167<\/a><\/p>\n<h3>Transfers company in Lisbon, operating in Portugal<\/h3>\n<p><img loading=\"lazy\" decoding=\"async\" src=\"https:\/\/fernandolopes.pt\/wp-content\/uploads\/transfers-em-Lisboa-carros-minivans-minibus-e-autocarros.jpg\" alt=\"transfers in Lisboa with sedans minivans vans minibus and bus\" width=\"360\" height=\"154\" wp-image-4428\" srcset=\"https:\/\/fernandolopes.pt\/wp-content\/uploads\/transfers-em-Lisboa-carros-minivans-minibus-e-autocarros.jpg 360w, https:\/\/fernandolopes.pt\/wp-content\/uploads\/transfers-em-Lisboa-carros-minivans-minibus-e-autocarros-350x150.jpg 350w, https:\/\/fernandolopes.pt\/wp-content\/uploads\/transfers-em-Lisboa-carros-minivans-minibus-e-autocarros-275x118.jpg 275w\" sizes=\"auto, (max-width: 360px) 100vw, 360px\" \/><\/p>\n<p>Registered in the <a href=\"https:\/\/www.visitportugal.com\/en\/node\/314085\" target=\"_blank\" rel=\"noopener noreferrer\">Portuguese Tourism Authority<\/a><br \/>\n<strong>R.N.A.V.T. : <\/strong> 5266<\/p>\n<p><\/p>","protected":false},"excerpt":{"rendered":"<p>Transfers in Lisbon with safety and convenience in vehicles of various sizes. Transfers at Lisbon Airport to your hotel, home, office, transfers to meetings or to a party. Pick up transfers in hotel at Lisboa, Cascais, Estoril, Sintra, Ericeira, Sesimbra, Costa da Caparica,Nazare, \u00d3bidos, F\u00e1tima, \u00c9vora, Coimbra, Porto and Algarve to Lisbon Airport, Seaport, train &hellip; <a href=\"https:\/\/fernandolopes.pt\/en\/\" class=\"more-link\">Continue reading <span class=\"screen-reader-text\">Transfers in Lisbon<\/span><\/a><\/p>\n","protected":false},"author":2,"featured_media":0,"parent":0,"menu_order":1,"comment_status":"closed","ping_status":"closed","template":"","meta":{"footnotes":""},"class_list":["post-1988","page","type-page","status-publish","hentry"],"_links":{"self":[{"href":"https:\/\/fernandolopes.pt\/en\/wp-json\/wp\/v2\/pages\/1988","targetHints":{"allow":["GET"]}}],"collection":[{"href":"https:\/\/fernandolopes.pt\/en\/wp-json\/wp\/v2\/pages"}],"about":[{"href":"https:\/\/fernandolopes.pt\/en\/wp-json\/wp\/v2\/types\/page"}],"author":[{"embeddable":true,"href":"https:\/\/fernandolopes.pt\/en\/wp-json\/wp\/v2\/users\/2"}],"replies":[{"embeddable":true,"href":"https:\/\/fernandolopes.pt\/en\/wp-json\/wp\/v2\/comments?post=1988"}],"version-history":[{"count":0,"href":"https:\/\/fernandolopes.pt\/en\/wp-json\/wp\/v2\/pages\/1988\/revisions"}],"wp:attachment":[{"href":"https:\/\/fernandolopes.pt\/en\/wp-json\/wp\/v2\/media?parent=1988"}],"curies":[{"name":"wp","href":"https:\/\/api.w.org\/{rel}","templated":true}]}}