{"id":1988,"date":"2018-11-10T21:30:13","date_gmt":"2018-11-10T21:30:13","guid":{"rendered":"https:\/\/fernandolopes.pt\/?page_id=1988"},"modified":"2025-11-12T19:43:24","modified_gmt":"2025-11-12T19:43:24","slug":"transfers-em-lisboa","status":"publish","type":"page","link":"https:\/\/fernandolopes.pt\/es\/","title":{"rendered":"Traslados en Lisboa"},"content":{"rendered":"<p><\/p>\n<p>Traslados en Lisboa con seguridad y comodidad en veh\u00edculos de varios tama\u00f1os. Traslado de llegada en el Aeropuerto de Lisboa para todos los hoteles.<\/p>\n<p> Transfer de salida de todos Hoteles en Lisboa, Costa da Caparica, Cascais, Estoril, Sintra, Ericeira, Sesimbra Coimbra, Porto y Algarve para Aeropuertos, Puertos Mar\u00edtimos o cualquier destino en Portugal.<\/p>\n<h2>Transporte de pasajeros en Lisboa<\/h2>\n<p>Transporte de viajeros, para visitas tur\u00edsticas, traslados y servicios de veh\u00edculos con conductor.<\/p>\n<p> Ofrecemos traslados privados las 24 horas del d\u00eda, los 7 d\u00edas de la semana durante todo el a\u00f1o. Servicios privados, con coches, minivans, minibuses y autobuses tur\u00edsticos<\/p>\n<p>&nbsp;<\/p>\n<p><strong>Correo: <\/strong><a href=\"mailto:info@fernandolopes.pt\">info@fernandolopes.pt<\/a><\/p>\n<p><strong>M\u00f3vil: <\/strong><a href=\"tel:00351969550167\">+351 969 550 167<\/a><\/p>\n<p><strong>Tel\u00e9fono: <\/strong><a href=\"tel:00351211315522\">+351 211 315 522<\/a><\/p>\n<p><strong>Whatsapp: <\/strong><a href=\"whatsapp:\/\/send?text=Holla&#038;phone=+351969550167&#038;abid=+351969550167\">+351 969 550 167<\/a><\/p>\n<h3>Empresa de traslados en Lisboa que opera en Portugal<\/h3>\n<p><img loading=\"lazy\" decoding=\"async\" src=\"https:\/\/fernandolopes.pt\/wp-content\/uploads\/transfers-em-Lisboa-carros-minivans-minibus-e-autocarros.jpg\" alt=\"Traslados en Lisboa con coches minivans vans minibus autocarro\" width=\"360\" height=\"154\" wp-image-4428\" srcset=\"https:\/\/fernandolopes.pt\/wp-content\/uploads\/transfers-em-Lisboa-carros-minivans-minibus-e-autocarros.jpg 360w, https:\/\/fernandolopes.pt\/wp-content\/uploads\/transfers-em-Lisboa-carros-minivans-minibus-e-autocarros-350x150.jpg 350w, https:\/\/fernandolopes.pt\/wp-content\/uploads\/transfers-em-Lisboa-carros-minivans-minibus-e-autocarros-275x118.jpg 275w\" sizes=\"auto, (max-width: 360px) 100vw, 360px\" \/><\/p>\n<p>Inscripci\u00f3n en el <a href=\"https:\/\/www.visitportugal.com\/es\/node\/314085\" target=\"_blank\" rel=\"noopener noreferrer\">Turismo de Portugal<\/a><br \/>\n<strong>R.N.A.V.T. : <\/strong>5266<\/p>\n<p><\/p>","protected":false},"excerpt":{"rendered":"<p>Traslados en Lisboa con seguridad y comodidad en veh\u00edculos de varios tama\u00f1os. Traslado de llegada en el Aeropuerto de Lisboa para todos los hoteles. Transfer de salida de todos Hoteles en Lisboa, Costa da Caparica, Cascais, Estoril, Sintra, Ericeira, Sesimbra Coimbra, Porto y Algarve para Aeropuertos, Puertos Mar\u00edtimos o cualquier destino en Portugal. Transporte de &hellip; <a href=\"https:\/\/fernandolopes.pt\/es\/\" class=\"more-link\">Sigue leyendo <span class=\"screen-reader-text\">Traslados en Lisboa<\/span><\/a><\/p>\n","protected":false},"author":2,"featured_media":0,"parent":0,"menu_order":1,"comment_status":"closed","ping_status":"closed","template":"","meta":{"footnotes":""},"class_list":["post-1988","page","type-page","status-publish","hentry"],"_links":{"self":[{"href":"https:\/\/fernandolopes.pt\/es\/wp-json\/wp\/v2\/pages\/1988","targetHints":{"allow":["GET"]}}],"collection":[{"href":"https:\/\/fernandolopes.pt\/es\/wp-json\/wp\/v2\/pages"}],"about":[{"href":"https:\/\/fernandolopes.pt\/es\/wp-json\/wp\/v2\/types\/page"}],"author":[{"embeddable":true,"href":"https:\/\/fernandolopes.pt\/es\/wp-json\/wp\/v2\/users\/2"}],"replies":[{"embeddable":true,"href":"https:\/\/fernandolopes.pt\/es\/wp-json\/wp\/v2\/comments?post=1988"}],"version-history":[{"count":0,"href":"https:\/\/fernandolopes.pt\/es\/wp-json\/wp\/v2\/pages\/1988\/revisions"}],"wp:attachment":[{"href":"https:\/\/fernandolopes.pt\/es\/wp-json\/wp\/v2\/media?parent=1988"}],"curies":[{"name":"wp","href":"https:\/\/api.w.org\/{rel}","templated":true}]}}