{"id":1990,"date":"2024-09-07T19:50:42","date_gmt":"2024-09-07T18:50:42","guid":{"rendered":"https:\/\/fernandolopes.pt\/?page_id=1990"},"modified":"2025-08-29T21:42:36","modified_gmt":"2025-08-29T20:42:36","slug":"tours-em-lisboa","status":"publish","type":"page","link":"https:\/\/fernandolopes.pt\/es\/tours-em-lisboa\/","title":{"rendered":"Paseos en Lisboa"},"content":{"rendered":"<p><meta name=\"description\" content=\"Servicio tur\u00edstico de paseos privados en Lisboa.\"\/><\/p>\n<p>Empresa de tours en Lisboa con grupos cerrados e itinerarios adaptados a tus gustos. Tu tour privado en Lisboa. Ofrecemos tours privados las 24 horas del d\u00eda, los 7 d\u00edas de la semana, durante todo el a\u00f1o. Tours privados en Portugal con coches, minivans, minibuses y autobuses tur\u00edsticos.<\/p>\n<h2>Tours privados de un dia en Lisboa<\/h2>\n<div id='gallery-2' class='gallery galleryid-1990 gallery-columns-3 gallery-size-thumbnail'><figure class='gallery-item'>\n\t\t\t<div class='gallery-icon landscape'>\n\t\t\t\t<a href='https:\/\/fernandolopes.pt\/es\/tours-em-lisboa\/tour-de-lisboa\/'><img loading=\"lazy\" decoding=\"async\" width=\"150\" height=\"135\" src=\"https:\/\/fernandolopes.pt\/wp-content\/uploads\/tour-de-lisboa-150x135.jpg\" class=\"attachment-thumbnail size-thumbnail\" alt=\"Paseo de Lisboa\" aria-describedby=\"gallery-2-7788\" \/><\/a>\n\t\t\t<\/div>\n\t\t\t\t<figcaption class='wp-caption-text gallery-caption' id='gallery-2-7788'>\n\t\t\t\tPaseo de Lisboa\n\t\t\t\t<\/figcaption><\/figure><figure class='gallery-item'>\n\t\t\t<div class='gallery-icon landscape'>\n\t\t\t\t<a href='https:\/\/fernandolopes.pt\/es\/tours-em-lisboa\/tour-de-sintra\/'><img loading=\"lazy\" decoding=\"async\" width=\"150\" height=\"135\" src=\"https:\/\/fernandolopes.pt\/wp-content\/uploads\/tour-de-sintra-150x135.jpg\" class=\"attachment-thumbnail size-thumbnail\" alt=\"Palacio de Sintra\" aria-describedby=\"gallery-2-7789\" \/><\/a>\n\t\t\t<\/div>\n\t\t\t\t<figcaption class='wp-caption-text gallery-caption' id='gallery-2-7789'>\n\t\t\t\tPaseo de Sintra\n\t\t\t\t<\/figcaption><\/figure><figure class='gallery-item'>\n\t\t\t<div class='gallery-icon landscape'>\n\t\t\t\t<a href='https:\/\/fernandolopes.pt\/es\/tours-em-lisboa\/tour-de-fatima\/'><img loading=\"lazy\" decoding=\"async\" width=\"150\" height=\"135\" src=\"https:\/\/fernandolopes.pt\/wp-content\/uploads\/tour-de-fatima-150x135.jpg\" class=\"attachment-thumbnail size-thumbnail\" alt=\"capilla de F\u00e1tima\" aria-describedby=\"gallery-2-7790\" \/><\/a>\n\t\t\t<\/div>\n\t\t\t\t<figcaption class='wp-caption-text gallery-caption' id='gallery-2-7790'>\n\t\t\t\tPaseo de F\u00e1tima\n\t\t\t\t<\/figcaption><\/figure>\n\t\t<\/div>\n\n<h2>Tours a pie en Lisboa<\/h2>\n<div style='text-align:center;'><script>function loadScript(url, callback){var script=document.createElement('script'); script.type='text\/javascript'; if (script.readyState){script.onreadystatechange=function(){if (script.readyState=='loaded' || script.readyState=='complete'){script.onreadystatechange=null; callback();}};}else{script.onload=function(){callback();};}script.src=url; document.getElementsByTagName('head')[0].appendChild(script);}loadScript('https:\/\/www.civitatis.com\/f\/js\/vendor\/iframeResizer.min.js', function(){iFrameResize({checkOrigin:false,initCallback:function(iframe){setTimeout(function(){var resizeEvent = window.document.createEvent('UIEvents'); resizeEvent.initUIEvent('resize', true, false, window, 0); iframe.dispatchEvent(resizeEvent);});}})})<\/script><iframe class='civitatis-iframe' src='https:\/\/www.civitatis.com\/widget-activities\/?agencyId=47063&#038;agencyUserId=51488&#038;display=aside&#038;cant=3&#038;lang=es&#038;currency=EUR&#038;destination=17&#038;activities=366,3423,30&#038;transfer=0&#038;cmp=W_ToursEmLisboa_ES1&#038;width=100%&#038;hideButton=1&#038;centerContent=1&#038;typeSelection=manual&#038;color=f70759&#038;typography=Montserrat&#038;removeBackground=1&#038;showShadow=1&#038;roundedButtons=1' width='100%'  frameborder='0' data-maxwidth='100%' style='max-width: 100%'><\/iframe><\/div>\n<div style='text-align:center;'><script>function loadScript(url, callback){var script=document.createElement('script'); script.type='text\/javascript'; if (script.readyState){script.onreadystatechange=function(){if (script.readyState=='loaded' || script.readyState=='complete'){script.onreadystatechange=null; callback();}};}else{script.onload=function(){callback();};}script.src=url; document.getElementsByTagName('head')[0].appendChild(script);}loadScript('https:\/\/www.civitatis.com\/f\/js\/vendor\/iframeResizer.min.js', function(){iFrameResize({checkOrigin:false,initCallback:function(iframe){setTimeout(function(){var resizeEvent = window.document.createEvent('UIEvents'); resizeEvent.initUIEvent('resize', true, false, window, 0); iframe.dispatchEvent(resizeEvent);});}})})<\/script><iframe class='civitatis-iframe' src='https:\/\/www.civitatis.com\/widget-activities\/?agencyId=47063&#038;agencyUserId=51488&#038;display=aside&#038;cant=3&#038;lang=es&#038;currency=EUR&#038;destination=17&#038;activities=120823,4697,43645&#038;transfer=0&#038;cmp=Widget_ToursEmLisboa_ES2&#038;width=100%&#038;hideButton=1&#038;centerContent=1&#038;typeSelection=manual&#038;color=f70759&#038;typography=Montserrat&#038;removeBackground=1&#038;showShadow=1&#038;roundedButtons=1' width='100%'  frameborder='0' data-maxwidth='100%' style='max-width: 100%'><\/iframe><\/div>\n<h2>Tours en autob\u00fas que comienzan y terminan en Lisboa<\/h2>\n<div style='text-align:center;'><script>function loadScript(url, callback){var script=document.createElement('script'); script.type='text\/javascript'; if (script.readyState){script.onreadystatechange=function(){if (script.readyState=='loaded' || script.readyState=='complete'){script.onreadystatechange=null; callback();}};}else{script.onload=function(){callback();};}script.src=url; document.getElementsByTagName('head')[0].appendChild(script);}loadScript('https:\/\/www.civitatis.com\/f\/js\/vendor\/iframeResizer.min.js', function(){iFrameResize({checkOrigin:false,initCallback:function(iframe){setTimeout(function(){var resizeEvent = window.document.createEvent('UIEvents'); resizeEvent.initUIEvent('resize', true, false, window, 0); iframe.dispatchEvent(resizeEvent);});}})})<\/script><iframe class='civitatis-iframe' src='https:\/\/www.civitatis.com\/widget-activities\/?agencyId=47063&#038;agencyUserId=51488&#038;display=aside&#038;cant=3&#038;lang=es&#038;currency=EUR&#038;destination=17&#038;activities=32,152489,31&#038;transfer=0&#038;cmp=Widget_ToursEmLisboa_ES3&#038;width=100%&#038;hideButton=0&#038;centerContent=1&#038;typeSelection=manual&#038;color=f70759&#038;typography=Montserrat&#038;removeBackground=1&#038;showShadow=1&#038;roundedButtons=1' width='100%'  frameborder='0' data-maxwidth='100%' style='max-width: 100%'><\/iframe><\/div>\n<h3>Agencia de Turismo en Lisboa que opera en Portugal<\/h3>\n<p><img loading=\"lazy\" decoding=\"async\" src=\"https:\/\/fernandolopes.pt\/wp-content\/uploads\/Tours-privados-em-Lisboa-sedans-minivans-vans-minibus-autocarro.jpg\" alt=\"Paseos privados en coches minivans furgonetas microb\u00fas autob\u00fas\" width=\"425\" height=\"174\" wp-image-3093\" srcset=\"https:\/\/fernandolopes.pt\/wp-content\/uploads\/Tours-privados-em-Lisboa-sedans-minivans-vans-minibus-autocarro.jpg 425w, https:\/\/fernandolopes.pt\/wp-content\/uploads\/Tours-privados-em-Lisboa-sedans-minivans-vans-minibus-autocarro-350x143.jpg 350w, https:\/\/fernandolopes.pt\/wp-content\/uploads\/Tours-privados-em-Lisboa-sedans-minivans-vans-minibus-autocarro-275x113.jpg 275w\" sizes=\"auto, (max-width: 425px) 100vw, 425px\" \/><\/p>\n<p>Inscripci\u00f3n en el <a href=\"https:\/\/www.visitportugal.com\/es\/node\/314085\" target=\"_blank\" rel=\"noopener\">Turismo de Portugal<\/a><br \/>\n<strong>R.N.A.V.T. :<\/strong> 5266<\/p>\n<h3>Tours privados en Portugal.<\/h3>\n<p>Tour privado en Portugal.<\/p>\n<p><strong>Correo: <\/strong><a href=\"mailto:info@fernandolopes.pt\">info@fernandolopes.pt<\/a><\/p>\n<p><strong>M\u00f3vil: <\/strong><a href=\"tel:00351969550167\">+351 969 550 167<\/a><\/p>\n<p><strong>Tel\u00e9fono: <\/strong><a href=\"tel:00351211315522\">+351 211 315 522<\/a><\/p>\n<p><strong>Whatsapp: <\/strong><a href=\"whatsapp:\/\/send?text=Holla&#038;phone=+351969550167&#038;abid=+351969550167\">+351 969 550 167<\/a><\/p>\n<p><\/p>","protected":false},"excerpt":{"rendered":"<p>Empresa de tours en Lisboa con grupos cerrados e itinerarios adaptados a tus gustos. Tu tour privado en Lisboa. Ofrecemos tours privados las 24 horas del d\u00eda, los 7 d\u00edas de la semana, durante todo el a\u00f1o. Tours privados en Portugal con coches, minivans, minibuses y autobuses tur\u00edsticos. Tours privados de un dia en Lisboa &hellip; <a href=\"https:\/\/fernandolopes.pt\/es\/tours-em-lisboa\/\" class=\"more-link\">Sigue leyendo <span class=\"screen-reader-text\">Paseos en Lisboa<\/span><\/a><\/p>\n","protected":false},"author":2,"featured_media":0,"parent":0,"menu_order":2,"comment_status":"closed","ping_status":"closed","template":"","meta":{"footnotes":""},"class_list":["post-1990","page","type-page","status-publish","hentry"],"_links":{"self":[{"href":"https:\/\/fernandolopes.pt\/es\/wp-json\/wp\/v2\/pages\/1990","targetHints":{"allow":["GET"]}}],"collection":[{"href":"https:\/\/fernandolopes.pt\/es\/wp-json\/wp\/v2\/pages"}],"about":[{"href":"https:\/\/fernandolopes.pt\/es\/wp-json\/wp\/v2\/types\/page"}],"author":[{"embeddable":true,"href":"https:\/\/fernandolopes.pt\/es\/wp-json\/wp\/v2\/users\/2"}],"replies":[{"embeddable":true,"href":"https:\/\/fernandolopes.pt\/es\/wp-json\/wp\/v2\/comments?post=1990"}],"version-history":[{"count":0,"href":"https:\/\/fernandolopes.pt\/es\/wp-json\/wp\/v2\/pages\/1990\/revisions"}],"wp:attachment":[{"href":"https:\/\/fernandolopes.pt\/es\/wp-json\/wp\/v2\/media?parent=1990"}],"curies":[{"name":"wp","href":"https:\/\/api.w.org\/{rel}","templated":true}]}}