{"id":1994,"date":"2018-11-10T01:30:45","date_gmt":"2018-11-10T01:30:45","guid":{"rendered":"https:\/\/fernandolopes.pt\/?page_id=1994"},"modified":"2024-07-06T15:16:12","modified_gmt":"2024-07-06T14:16:12","slug":"contactos","status":"publish","type":"page","link":"https:\/\/fernandolopes.pt\/es\/contactos\/","title":{"rendered":"Contactos"},"content":{"rendered":"<p><meta name=\"description\" content=\"Contactos de empresa de servicio de traslado privado en Lisboa.\"\/><\/p>\n<p>Fernando Lopes Ag\u00eancia de Viagens e Turismo Uni LDA.<br \/>\nEmpresa de traslados en Lisboa.<\/p>\n<p><strong>Correo: <\/strong><a href=\"mailto:info@fernandolopes.pt\">info@fernandolopes.pt<\/a><\/p>\n<p><strong>M\u00f3vil: <\/strong><a href=\"tel:00351969550167\">+351 969 550 167<\/a><\/p>\n<p><strong>Tel\u00e9fono: <\/strong><a href=\"tel:00351211315522\">+351 211 315 522<\/a><\/p>\n<p><strong>Whatsapp: <\/strong><a href=\"whatsapp:\/\/send?text=Holla&#038;phone=+351969550167&#038;abid=+351969550167\">+351 969 550 167<\/a><\/p>\n<p><strong>Morada : <\/strong>Rua Fernando Tomas 4.<br \/>\n2690-273 Santa Iria de Azoia, Lisboa, Portugal.<\/p>\n<p>&nbsp;<\/p>\n<p><strong>C.I.F. : <\/strong>PT513372687<\/p>\n<p>Inscripci\u00f3n en el <a href=\"https:\/\/www.visitportugal.com\/es\/node\/314085\" target=\"_blank\" rel=\"noopener noreferrer\">Turismo de Portugal<\/a><br \/>\n<strong>R.N.A.V.T. : <\/strong>5266<\/p>\n<p><\/p>","protected":false},"excerpt":{"rendered":"<p>Fernando Lopes Ag\u00eancia de Viagens e Turismo Uni LDA. Empresa de traslados en Lisboa. Correo: info@fernandolopes.pt M\u00f3vil: +351 969 550 167 Tel\u00e9fono: +351 211 315 522 Whatsapp: +351 969 550 167 Morada : Rua Fernando Tomas 4. 2690-273 Santa Iria de Azoia, Lisboa, Portugal. &nbsp; C.I.F. : PT513372687 Inscripci\u00f3n en el Turismo de Portugal R.N.A.V.T. &hellip; <a href=\"https:\/\/fernandolopes.pt\/es\/contactos\/\" class=\"more-link\">Sigue leyendo <span class=\"screen-reader-text\">Contactos<\/span><\/a><\/p>\n","protected":false},"author":2,"featured_media":0,"parent":0,"menu_order":5,"comment_status":"closed","ping_status":"closed","template":"","meta":{"footnotes":""},"class_list":["post-1994","page","type-page","status-publish","hentry"],"_links":{"self":[{"href":"https:\/\/fernandolopes.pt\/es\/wp-json\/wp\/v2\/pages\/1994","targetHints":{"allow":["GET"]}}],"collection":[{"href":"https:\/\/fernandolopes.pt\/es\/wp-json\/wp\/v2\/pages"}],"about":[{"href":"https:\/\/fernandolopes.pt\/es\/wp-json\/wp\/v2\/types\/page"}],"author":[{"embeddable":true,"href":"https:\/\/fernandolopes.pt\/es\/wp-json\/wp\/v2\/users\/2"}],"replies":[{"embeddable":true,"href":"https:\/\/fernandolopes.pt\/es\/wp-json\/wp\/v2\/comments?post=1994"}],"version-history":[{"count":0,"href":"https:\/\/fernandolopes.pt\/es\/wp-json\/wp\/v2\/pages\/1994\/revisions"}],"wp:attachment":[{"href":"https:\/\/fernandolopes.pt\/es\/wp-json\/wp\/v2\/media?parent=1994"}],"curies":[{"name":"wp","href":"https:\/\/api.w.org\/{rel}","templated":true}]}}