{"id":4043,"date":"2025-06-24T14:10:12","date_gmt":"2025-06-24T13:10:12","guid":{"rendered":"https:\/\/fernandolopes.pt\/?page_id=4043"},"modified":"2025-06-24T14:27:38","modified_gmt":"2025-06-24T13:27:38","slug":"politica-de-privacidade","status":"publish","type":"page","link":"https:\/\/fernandolopes.pt\/es\/politica-de-privacidade\/","title":{"rendered":"Pol\u00edtica de privacidad"},"content":{"rendered":"<p><\/p>\n<h2>Quienes somos<\/h2>\n<p> Una agencia de viajes y turismo enfocada en el transporte de personas, en veh\u00edculos de diferente n\u00famero de plazas.<br \/>\n Fernando Lopes Agencia de Viajes y Turismo.<\/p>\n<h3>Como contactar<\/h3>\n<ul>E-mail : info@fernandolopes.pt<br \/>\nTelem\u00f3vel : +351 969 550 167<br \/>\nTelefone : +351 211 315 522<br \/>\nCorreio : Rua Fernando Tomas 4, 1\u00ba. 2690-273 Santa Iria de Azoia, Lisboa, Portugal.<\/ul>\n<h2>Qu\u00e9 datos personales se recopilan y c\u00f3mo se recopilan<\/h2>\n<p>No se recogen datos personales, \u00fanicamente el navegador utilizado, tipo de dispositivo (ordenador o tel\u00e9fono m\u00f3vil) y ciudad desde la que accedi\u00f3 a nuestra web, a trav\u00e9s de Google Analytics.<\/p>\n<h3>Cookies<\/h3>\n<p> Esta cookie no contiene datos personales y se eliminar\u00e1 cuando cierre su navegador.<\/p>\n<h3>Contenido incrustado de otros sitios web<\/h3>\n<p>Los art\u00edculos de este sitio pueden incluir contenido incrustado (por ejemplo: Venta de servicios, videos, im\u00e1genes, art\u00edculos, etc.). El contenido incrustado de otros sitios web se comporta como si el usuario fuera a visitar esos sitios web.<\/p>\n<p>Este sitio puede recopilar datos sobre usted, usar cookies, incorporar seguimiento de terceros, monitorear sus interacciones con este sitio, incluido el registro de interacciones con contenido incrustado si tiene una cuenta y ha iniciado sesi\u00f3n en este sitio.<\/p>\n<h3>Datos anal\u00edticos<\/h3>\n<p><strong>Con qui\u00e9n se comparten sus datos<\/strong><\/p>\n<p>Sus datos no se comparten.<\/p>\n<h4>Cu\u00e1nto tiempo se conservan sus datos<\/h4>\n<p>Los datos, navegador utilizado, dispositivo (computadora o tel\u00e9fono m\u00f3vil) y ciudad, est\u00e1n disponibles en el Google Analytics por 01 a\u00f1o, a menos que Google Analytics realice cambios.<\/p>\n<h2>Informa\u00e7\u00f5es adicionais<\/h2>\n<p><\/p>","protected":false},"excerpt":{"rendered":"<p>Quienes somos Una agencia de viajes y turismo enfocada en el transporte de personas, en veh\u00edculos de diferente n\u00famero de plazas. Fernando Lopes Agencia de Viajes y Turismo. Como contactar E-mail : info@fernandolopes.pt Telem\u00f3vel : +351 969 550 167 Telefone : +351 211 315 522 Correio : Rua Fernando Tomas 4, 1\u00ba. 2690-273 Santa Iria &hellip; <a href=\"https:\/\/fernandolopes.pt\/es\/politica-de-privacidade\/\" class=\"more-link\">Sigue leyendo <span class=\"screen-reader-text\">Pol\u00edtica de privacidad<\/span><\/a><\/p>\n","protected":false},"author":2,"featured_media":0,"parent":0,"menu_order":6,"comment_status":"closed","ping_status":"closed","template":"","meta":{"footnotes":""},"class_list":["post-4043","page","type-page","status-publish","hentry"],"_links":{"self":[{"href":"https:\/\/fernandolopes.pt\/es\/wp-json\/wp\/v2\/pages\/4043","targetHints":{"allow":["GET"]}}],"collection":[{"href":"https:\/\/fernandolopes.pt\/es\/wp-json\/wp\/v2\/pages"}],"about":[{"href":"https:\/\/fernandolopes.pt\/es\/wp-json\/wp\/v2\/types\/page"}],"author":[{"embeddable":true,"href":"https:\/\/fernandolopes.pt\/es\/wp-json\/wp\/v2\/users\/2"}],"replies":[{"embeddable":true,"href":"https:\/\/fernandolopes.pt\/es\/wp-json\/wp\/v2\/comments?post=4043"}],"version-history":[{"count":0,"href":"https:\/\/fernandolopes.pt\/es\/wp-json\/wp\/v2\/pages\/4043\/revisions"}],"wp:attachment":[{"href":"https:\/\/fernandolopes.pt\/es\/wp-json\/wp\/v2\/media?parent=4043"}],"curies":[{"name":"wp","href":"https:\/\/api.w.org\/{rel}","templated":true}]}}